{"id":24,"date":"2016-03-27T20:53:23","date_gmt":"2016-03-27T20:53:23","guid":{"rendered":"http:\/\/blekitnalaguna.de\/?page_id=24"},"modified":"2022-11-09T20:03:26","modified_gmt":"2022-11-09T20:03:26","slug":"ihre-gastgeber","status":"publish","type":"page","link":"http:\/\/blekitnalaguna.de\/?page_id=24","title":{"rendered":"Ihre Gastgeber"},"content":{"rendered":"<p><strong>Ihre Gastgeber!<\/strong><\/p>\n<p><strong>\u00a0<\/strong><\/p>\n<p>Hallo, ich bin ihr Gastgeber, ich bin 55 Jahre alt und habe mir den Traum einer eigenen Pension erf\u00fcllt.<\/p>\n<p>Ich bin den Schritt gegangen, weil ich zeigen wollte, dass Sie als Gast als &#8222;willkommener Gast&#8220; wahrgenommen werden.<\/p>\n<p>Mir ist es ein Bed\u00fcrfnis, dass Sie sich bei mir wohlf\u00fchlen. Wir pflegen ein famili\u00e4res Miteinander, dazu geh\u00f6ren z.B. Grillabende im Garten oder auch ein gem\u00fctliches Beisammensein. Jeder ist bei uns herzlich Willkommen.<\/p>\n<p>Seit Juli 2016 betreibe ich die Pension in dem beschaulichen Ort Pobierowo, unser Gasthaus liegt etwa 80km hinter Stettin in Polen. Unsere Unterkunft verf\u00fcgt \u00fcber 9 Zimmer verschiedener Kategorien, sowie einer Suite und einem Apartment.<\/p>\n<p>Falls Sie Fragen w\u00e4hrend Ihrem Aufenthalt bei uns haben, k\u00f6nnen Sie uns jederzeit gerne ansprechen.<\/p>\n","protected":false},"excerpt":{"rendered":"<p>Ihre Gastgeber! \u00a0 Hallo, ich bin ihr Gastgeber, ich bin 55 Jahre alt und habe mir den Traum einer eigenen Pension erf\u00fcllt. Ich bin den Schritt gegangen, weil ich zeigen wollte, dass Sie als Gast als &#8222;willkommener Gast&#8220; wahrgenommen werden. Mir ist es ein Bed\u00fcrfnis, dass Sie sich bei mir wohlf\u00fchlen. Wir pflegen ein famili\u00e4res<\/p>\n","protected":false},"author":1,"featured_media":0,"parent":0,"menu_order":0,"comment_status":"closed","ping_status":"closed","template":"fullwidth.php","meta":[],"_links":{"self":[{"href":"http:\/\/blekitnalaguna.de\/index.php?rest_route=\/wp\/v2\/pages\/24"}],"collection":[{"href":"http:\/\/blekitnalaguna.de\/index.php?rest_route=\/wp\/v2\/pages"}],"about":[{"href":"http:\/\/blekitnalaguna.de\/index.php?rest_route=\/wp\/v2\/types\/page"}],"author":[{"embeddable":true,"href":"http:\/\/blekitnalaguna.de\/index.php?rest_route=\/wp\/v2\/users\/1"}],"replies":[{"embeddable":true,"href":"http:\/\/blekitnalaguna.de\/index.php?rest_route=%2Fwp%2Fv2%2Fcomments&post=24"}],"version-history":[{"count":6,"href":"http:\/\/blekitnalaguna.de\/index.php?rest_route=\/wp\/v2\/pages\/24\/revisions"}],"predecessor-version":[{"id":138,"href":"http:\/\/blekitnalaguna.de\/index.php?rest_route=\/wp\/v2\/pages\/24\/revisions\/138"}],"wp:attachment":[{"href":"http:\/\/blekitnalaguna.de\/index.php?rest_route=%2Fwp%2Fv2%2Fmedia&parent=24"}],"curies":[{"name":"wp","href":"https:\/\/api.w.org\/{rel}","templated":true}]}}