{"id":21,"date":"2016-03-27T20:51:03","date_gmt":"2016-03-27T20:51:03","guid":{"rendered":"http:\/\/blekitnalaguna.de\/?page_id=21"},"modified":"2022-11-09T19:18:10","modified_gmt":"2022-11-09T19:18:10","slug":"unsere-freizeitangebote","status":"publish","type":"page","link":"http:\/\/blekitnalaguna.de\/?page_id=21","title":{"rendered":"Unsere Freizeitangebote"},"content":{"rendered":"<p>Nutzen Sie doch beispielsweise einen unserer Motoroller und machen Sie eine kleine Tour durch die angrenzenden Orte oder leihen Sie sich ein Fahrrad und erkunden Sie die einladene Strandpromenade.<\/p>\n<p>Unsere kleinen Stadtflitzer haben 50ccm und k\u00f6nnen mit dem ganz normalen Auto F\u00fchrerschein (Klasse B \/ alt Klasse 3) gefahren werden.\u00a0 Wer vorher noch nie Roller gefahren ist, bekommt selbstverst\u00e4ndlich gern eine kleine Einweisung um sicher an sein Ziel zu kommen.<\/p>\n<p>Alternativ bieten wir Ihnen auch Fahrr\u00e4der zur Vermietung an. Sollten Sie bereits vor Urlaubsantritt Interesse an einer Anmietung haben, so sagen Sie das bitte direkt bei der Reservierung um die verbindliche Bestellung anzunehmen. Sie k\u00f6nnen nat\u00fcrlich auch vor Ort einen Roller oder ein Fahrrad bei uns anmieten, jedoch k\u00f6nnen wir die st\u00e4ndige Verf\u00fcgbarkeit der Fahrzeuge nicht gew\u00e4hrleisten.<\/p>\n<p>Gerne vermitteln wir Ihnen auch Jetski in Dziwn\u00f3wek. Mit dem Auto sind es von unserem Haus aus 10 Minuten Fahrtzeit.<\/p>\n<p>Falls Sie es etwas gem\u00fctlicher w\u00fcnschen, bieten wir Ihnen auch gerne eine entspannte Angeltour auf der Ostsee an. Eigene Angelausr\u00fcstung ist nicht zwingend erforderlich. Die Tour bietet auch Einsteiger einen interessanten Einblick in die T\u00e4tigkeit des Angelns.<\/p>\n<p>Auch Motorradfreunde sind bei uns gern gesehen, die umliegenden Stra\u00dfen bieten viel Potential f\u00fcr gro\u00dfe Motorradtouren. Fragen Sie uns, gern sind wir Ihnen bei der Planung Ihrer Motorradtour behilflich.<\/p>\n\t<!-- Switch for global css  -->\r\n<style type=\"text\/css\">\r\n\r\n\t\r\n\t\t\t\t\/*noinspection ALL*\/\r\n\t\t\t\t.dynamic_css\r\n\t\t\t\t{\r\n\t\t\t\t\tborder: 2px solid #000000 !important;\r\n\t\t\t\t\tborder-radius: 2px !important;\r\n\t\t\t\t\t-moz-border-radius: 2px !important;\r\n\t\t\t\t\t-webkit-border-radius: 2px !important;\r\n\t\t\t\t\t-khtml-border-radius: 2px !important;\r\n\t\t\t\t\t-o-border-radius: 2px !important;\r\n\t\t\t\t}\r\n\t\t\t\t.dynamic_css img\r\n\t\t\t\t{\r\n\t\t\t\t\tmargin: 0 !important;\r\n\t\t\t\t\tpadding: 0 !important;\r\n\t\t\t\t\tborder: 0 !important;\r\n\t\t\t\t}\r\n\t\t\t\t.dynamic_css p\r\n\t\t\t\t{\r\n\t\t\t\t\tmargin :0px !important;\r\n\t\t\t\t}\r\n\t\t\t\t@media screen  and (min-width : 319px) {\r\n\t\t\t\t\t.thumbnail_width9921\t\t\t\t\t{\r\n\t\t\t\t\t\twidth: 80px !important;\r\n\t\t\t\t\t\theight: 60px !important;\r\n\t\t\t\t\t\tbox-sizing: border-box !important;\r\n\t\t\t\t\t}\r\n\t\t\t\t}\r\n\t\t\t\t@media screen and (min-width : 320px) and (max-width : 380px) {\r\n\t\t\t\t\t.thumbnail_width9921\t\t\t\t\t{\r\n\t\t\t\t\t\twidth: 80px !important;\r\n\t\t\t\t\t\theight: 60px !important;\r\n\t\t\t\t\t\tbox-sizing: border-box !important;\r\n\t\t\t\t\t}\r\n\t\t\t\t}\r\n\t\t\t\t@media screen and (min-width : 320px) and (max-width : 568px)  and (orientation : portrait) {\r\n\t\t\t\t\t\t.thumbnail_width9921\t\t\t\t\t\t{\r\n\t\t\t\t\t\t\twidth: 80px !important;\r\n\t\t\t\t\t\t\theight: 60px !important;\r\n\t\t\t\t\t\t\tbox-sizing: border-box !important;\r\n\t\t\t\t\t\t}\r\n\t\t\t\t}\r\n\t\t\t\t@media screen and (min-width : 320px) and (max-width : 568px) and (orientation : landscape) {\r\n\t\t\t\t\t\t.thumbnail_width9921\t\t\t\t\t\t{\r\n\t\t\t\t\t\t\twidth: 80px !important;\r\n\t\t\t\t\t\t\theight: 60px !important;\r\n\t\t\t\t\t\t\tbox-sizing: border-box !important;\r\n\t\t\t\t\t\t}\r\n\t\t\t\t}\r\n\t\t\t\t@media screen and (min-width : 320px) and (max-width : 568px) {\r\n\t\t\t\t\t.thumbnail_width9921\t\t\t\t\t{\r\n\t\t\t\t\t\twidth: 80px !important;\r\n\t\t\t\t\t\theight: 60px !important;\r\n\t\t\t\t\t\tbox-sizing: border-box !important;\r\n\t\t\t\t\t}\r\n\t\t\t\t}\r\n\t\t\t\t@media screen and (min-width : 569px) and (max-width : 767px)  and (orientation : portrait) {\r\n\t\t\t\t\t\t.thumbnail_width9921\t\t\t\t\t\t{\r\n\t\t\t\t\t\t\twidth: 80px !important;\r\n\t\t\t\t\t\t\theight: 60px !important;\r\n\t\t\t\t\t\t\tbox-sizing: border-box !important;\r\n\t\t\t\t\t\t}\r\n\t\t\t\t}\r\n\t\t\t\t@media screen and (min-width : 569px) and (max-width : 767px) and (orientation : landscape) {\r\n\t\t\t\t\t\t.thumbnail_width9921\t\t\t\t\t\t{\r\n\t\t\t\t\t\t\twidth: 80px !important;\r\n\t\t\t\t\t\t\theight: 60px !important;\r\n\t\t\t\t\t\t\tbox-sizing: border-box !important;\r\n\t\t\t\t\t\t}\r\n\t\t\t\t}\r\n\t\t\t\t@media screen and (min-width : 569px) and (max-width : 767px) {\r\n\t\t\t\t\t.thumbnail_width9921\t\t\t\t\t{\r\n\t\t\t\t\t\twidth: 80px !important;\r\n\t\t\t\t\t\theight: 60px !important;\r\n\t\t\t\t\t\tbox-sizing: border-box !important;\r\n\t\t\t\t\t}\r\n\t\t\t\t}\r\n\t\t\t\t@media screen and (min-width : 768px) and (max-width : 1024px) {\r\n\t\t\t\t\t.thumbnail_width9921\t\t\t\t\t{\r\n\t\t\t\t\t\twidth: 160px !important;\r\n\t\t\t\t\t\theight: 120px !important;\r\n\t\t\t\t\t\tbox-sizing: border-box !important;\r\n\t\t\t\t\t}\r\n\t\t\t\t}\r\n\t\t\t\t.thumbnail_width9921\t\t\t\t{\r\n\t\t\t\t\twidth: 160px !important;\r\n\t\t\t\t\theight: 120px !important;\r\n\t\t\t\t\tbox-sizing: border-box !important;\r\n\t\t\t\t}\r\n\t\t\t\t\/*noinspection ALL*\/\r\n\t\t\t\t.images-in-row_9921 a,\r\n\t\t\t\t.widget-images-in-row_9921 a\r\n\t\t\t\t{\r\n\t\t\t\t\tborder-bottom: none !important;\r\n\t\t\t\t\ttext-decoration: none !important;\r\n\t\t\t\t}\r\n\t\t\t\t.images-in-row_9921 a : hover,\r\n\t\t\t\t.widget-images-in-row_9921 a : hover\r\n\t\t\t\t{\r\n\t\t\t\t\ttext-decoration: none !important;\r\n\t\t\t\t}\r\n\t\t\t\t                                \r\n\t\t\t\t@media screen and (min-width:970px)\r\n\t\t\t\t{\r\n\t\t\t\t\t.imgLiquidFill\r\n\t\t\t\t\t {\r\n\t\t\t\t\t\t width: 160px !important;\r\n\t\t\t\t\t\t\tbox-sizing: border-box !important;\r\n\t\t\t\t\t\theight: 120px !important;\r\n\t\t\t\t\t}\r\n\t\t\t\t}\r\n\t\t\t\t\t.imgLiquidFill\r\n\t\t\t\t\t{\r\n\t\t\t\t\t\t\t\t\t\t\t\t\twidth: 164px !important;\r\n\t\t\t\t\t\t\tbox-sizing: border-box !important;\r\n\t\t\t\t\t\t\t\t\t\t\t\t\theight: 120px !important;\r\n\t\t\t\t\t}\r\n\t\t\t\t\t\t\t\t\t\t.images-in-row_9921 a:hover\r\n\t\t\t\t\t{\r\n\t\t\t\t\t\ttext-decoration:none !important;\r\n\t\t\t\t\t}\r\n\t\t\t\t\t.margin_thumbs {\r\n\t\t\t\t\t\tmargin-right: 5px !important;\r\n\t\t\t\t\t\tmargin-bottom: 5px !important;\r\n\t\t\t\t\t}\r\n\t\t\t\t\t\t\t\t\t\/*noinspection ALL*\/\r\n\t\t\t\t.opactiy_thumbs\r\n\t\t\t\t{\r\n\t\t\t\t\topacity: 1 !important;\r\n\t\t\t\t\t-moz-opacity: 1 !important;\r\n\t\t\t\t\t-khtml-opacity: 1 !important;\r\n\t\t\t\t}\r\n\t\t\t\t\/*noinspection ALL*\/\r\n\t\t\t\t.shutter-gb-img-wrap\r\n\t\t\t\t{\r\n\t\t\t\t\tmargin-right: 5px !important;\r\n\t\t\t\t\tmargin-bottom: 5px !important;\r\n\t\t\t\t}\r\n\t\t\t\t.overlay_text > h5\r\n\t\t\t\t{\r\n\t\t\t\t\tmargin-top:10px !important;\r\n\t\t\t\t\tpadding: 0 10px 0 10px !important;\r\n\t\t\t\t\tline-height: 1.5em !important;\r\n\t\t\t\t\tdirection: inherit !important;\r\n\t\t\t\t\ttext-align: center !important;\r\n\t\t\t\t\tfont-family: Verdana !important;\r\n\t\t\t\t\tcolor: #ffffff !important;\r\n\t\t\t\t\tfont-size: 16px !important;\r\n\t\t\t\t}\r\n\t\t\t\t.overlay_text > p\r\n\t\t\t\t{\r\n\t\t\t\t\tpadding: 10px 10px 0 10px !important;\r\n\t\t\t\t\tline-height: 1.5em !important;\r\n\t\t\t\t\tdirection: inherit !important;\r\n\t\t\t\t\ttext-align: center !important;\r\n\t\t\t\t\tfont-family: Verdana !important;\r\n\t\t\t\t\tcolor: #ffffff !important;\r\n\t\t\t\t\tfont-size: 12px !important;\r\n\t\t\t\t}\r\n\t\t\t\t\t.pp_pic_holder.pp_default {\r\n\t\t\tbackground-color: #ffffff;\r\n\t\t}\r\n\t\tdiv.pp_overlay {\r\n\t\t\tbackground-color: #000000 !important;\r\n\t\t\topacity: 0.6 !important;\r\n\t\t\t-moz-opacity: 0.6 !important;\r\n\t\t\tfilter: alpha(opacity=0.6);\r\n\t\t}\r\n\t\t.pp_description p {\r\n\t\t\tdirection: inherit !important;\r\n\t\t\tcolor: #ffffff !important;\r\n\t\t\ttext-align: left !important;\r\n\t\t\tfont-family: Verdana !important;\r\n\t\t\tfont-size: 12px !important;\r\n\t\t}\r\n\t\t.pp_description h5 {\r\n\t\t\tdirection: inherit !important;\r\n\t\t\tcolor: #ffffff !important;\r\n\t\t\ttext-align: left !important;\r\n\t\t\tfont-family: Verdana !important;\r\n\t\t\tfont-size: 16px !important;\r\n\t\t}\r\n\t\t.ppt {\r\n\t\t\tdisplay: none !important;\r\n\t\t}\r\n\t\tdiv.pp_pic_holder {\r\n\t\t\tborder: 5px solid #ffffff !important;\r\n\t\t\tborder-radius: 5px !important;\r\n\t\t\t-moz-border-radius: 5px !important;\r\n\t\t\t-webkit-border-radius: 5px !important;\r\n\t\t\t-khtml-border-radius: 5px !important;\r\n\t\t\t-o-border-radius: 5px !important;\r\n\t\t}\r\n\t\t<\/style>\r\n<!-- Global Styling  -->\r\n\t\t\t<h3>Freizeit<\/h3>\r\n\t\t\t<h5><\/h5>\r\n\t\t<style>\r\n.images-in-row_9921 > a\r\n{\r\n text-decoration:none !important;\r\n border-bottom-style: none !important;\r\n box-shadow: none !important;\r\n}\r\n<\/style>\r\n<div class=\"images-in-row_9921\" id=\"gallery-bank-thumbnails_9921\">\r\n\t\t\t\t<a rel=\"9921prettyPhoto[gallery]\"  href=\"http:\/\/blekitnalaguna.de\/wp-content\/gallery-bank\/gallery-uploads\/o_1aho70trphd01c4i14j3bf9rruf.jpg\" data-title=\"\" id=\"ux_img_div_9921\">\r\n\t\t\t\t<div class=\"dynamic_css margin_thumbs thumbnail_width9921 widget_margin_thumbs9921 gb_overlay\">\r\n\t\t\t\t<div class=\"widgetImgLiquidFill9921 imgLiquidFill opactiy_thumbs\">\r\n\t\t\t\t\t<div class=\"overlay_text\">\r\n\t\t\t\t\t\t<h5><\/h5>\r\n\t\t\t\t\t\t\t\t\t\t\t<\/div>\r\n\t\t\t\t\t\t\t\t\t\t\t\t<img imageid=\"24\" id=\"ux_gb_img_9921\" type=\"image\" src=\"http:\/\/blekitnalaguna.de\/wp-content\/gallery-bank\/thumbs\/o_1aho70trphd01c4i14j3bf9rruf.jpg\"\/>\r\n\t\t\t\t\t\t\t\t\t\t\t<\/div>\r\n\t\t\t<\/div>\r\n\t\t\t<\/a>\r\n\t\t\t\t\t\t<a rel=\"9921prettyPhoto[gallery]\"  href=\"http:\/\/blekitnalaguna.de\/wp-content\/gallery-bank\/gallery-uploads\/o_1aho70trpfbk18t01l832jqdvpe.jpg\" data-title=\"\" id=\"ux_img_div_9921\">\r\n\t\t\t\t<div class=\"dynamic_css margin_thumbs thumbnail_width9921 widget_margin_thumbs9921 gb_overlay\">\r\n\t\t\t\t<div class=\"widgetImgLiquidFill9921 imgLiquidFill opactiy_thumbs\">\r\n\t\t\t\t\t<div class=\"overlay_text\">\r\n\t\t\t\t\t\t<h5><\/h5>\r\n\t\t\t\t\t\t\t\t\t\t\t<\/div>\r\n\t\t\t\t\t\t\t\t\t\t\t\t<img imageid=\"23\" id=\"ux_gb_img_9921\" type=\"image\" src=\"http:\/\/blekitnalaguna.de\/wp-content\/gallery-bank\/thumbs\/o_1aho70trpfbk18t01l832jqdvpe.jpg\"\/>\r\n\t\t\t\t\t\t\t\t\t\t\t<\/div>\r\n\t\t\t<\/div>\r\n\t\t\t<\/a>\r\n\t\t\t\t\t\t<a rel=\"9921prettyPhoto[gallery]\"  href=\"http:\/\/blekitnalaguna.de\/wp-content\/gallery-bank\/gallery-uploads\/o_1aho70trp1lslg9p1cmeie91enig.jpg\" data-title=\"\" id=\"ux_img_div_9921\">\r\n\t\t\t\t<div class=\"dynamic_css margin_thumbs thumbnail_width9921 widget_margin_thumbs9921 gb_overlay\">\r\n\t\t\t\t<div class=\"widgetImgLiquidFill9921 imgLiquidFill opactiy_thumbs\">\r\n\t\t\t\t\t<div class=\"overlay_text\">\r\n\t\t\t\t\t\t<h5><\/h5>\r\n\t\t\t\t\t\t\t\t\t\t\t<\/div>\r\n\t\t\t\t\t\t\t\t\t\t\t\t<img imageid=\"25\" id=\"ux_gb_img_9921\" type=\"image\" src=\"http:\/\/blekitnalaguna.de\/wp-content\/gallery-bank\/thumbs\/o_1aho70trp1lslg9p1cmeie91enig.jpg\"\/>\r\n\t\t\t\t\t\t\t\t\t\t\t<\/div>\r\n\t\t\t<\/div>\r\n\t\t\t<\/a>\r\n\t\t\t\t\t\t<a rel=\"9921prettyPhoto[gallery]\"  href=\"http:\/\/blekitnalaguna.de\/wp-content\/gallery-bank\/gallery-uploads\/o_1aho70trpjqt50n1j2nbmpgi5h.jpg\" data-title=\"\" id=\"ux_img_div_9921\">\r\n\t\t\t\t<div class=\"dynamic_css margin_thumbs thumbnail_width9921 widget_margin_thumbs9921 gb_overlay\">\r\n\t\t\t\t<div class=\"widgetImgLiquidFill9921 imgLiquidFill opactiy_thumbs\">\r\n\t\t\t\t\t<div class=\"overlay_text\">\r\n\t\t\t\t\t\t<h5><\/h5>\r\n\t\t\t\t\t\t\t\t\t\t\t<\/div>\r\n\t\t\t\t\t\t\t\t\t\t\t\t<img imageid=\"26\" id=\"ux_gb_img_9921\" type=\"image\" src=\"http:\/\/blekitnalaguna.de\/wp-content\/gallery-bank\/thumbs\/o_1aho70trpjqt50n1j2nbmpgi5h.jpg\"\/>\r\n\t\t\t\t\t\t\t\t\t\t\t<\/div>\r\n\t\t\t<\/div>\r\n\t\t\t<\/a>\r\n\t\t<\/div>\r\n\t\t\t<div class=\"separator-doubled\"><\/div>\r\n\t\t\t\t<script type=\"text\/javascript\">\r\n\t\t\t\t\t\tjQuery(function () {\r\n\t\t\t\t\tjQuery(\".imgLiquidFill\").imgLiquid({fill: true});\r\n\t\t\t\t});\r\n\t\t\t\t\t\t<\/script>\r\n\t\t<script type=\"text\/javascript\">\r\n\t\tjQuery(document).ready(function () {\r\n\t\t\tjQuery(\"a[rel^=\\\"9921prettyPhoto\\\"]\").prettyPhoto\r\n\t\t\t({\r\n\t\t\t\thook: \"rel\",\r\n\t\t\t\tanimation_speed: 500,\r\n\t\t\t\tslideshow: 5000,\r\n\t\t\t\tautoplay_slideshow: false,\r\n\t\t\t\topacity: 0.80,\r\n\t\t\t\tshow_title: false,\r\n\t\t\t\tallow_resize: true,\r\n\t\t\t\tdeeplinking: false,\r\n\t\t\t\tchangepicturecallback: onPictureChanged\r\n\t\t\t});\r\n\t\t});\r\n\t\tfunction onPictureChanged()\r\n\t\t{\r\n\t\t\tvar google_plus_icon = \"<g:plusone data-action='share' href='\"+ encodeURIComponent(location.href.replace(location.hash,'')) +\"' width='160px' style='margin-left:5px; display:inline-block;'><\/g:plusone>\";\r\n\t\t\tjQuery(\".pp_social\").append(google_plus_icon);\r\n\t\t\tjQuery(\".pp_social\").append(\"<script type='text\/javascript'>\\\r\n\t\t\t(function() { \\\r\n\t\t\tvar po = document.createElement('script');\\\r\n\t\t\tpo.type = 'text\/javascript';\\\r\n\t\t\tpo.async = true;\\\r\n\t\t\tpo.src = 'https:\/\/apis.google.com\/js\/plusone.js';\\\r\n\t\t\tvar s = document.getElementsByTagName('script')[0];\\\r\n\t\t\ts.parentNode.insertBefore(po, s);\\\r\n\t\t\t})(); <\" + \"\/\" +  \"script>\");\r\n\t\t}\r\n\t<\/script>\r\n\t\n","protected":false},"excerpt":{"rendered":"<p>Nutzen Sie doch beispielsweise einen unserer Motoroller und machen Sie eine kleine Tour durch die angrenzenden Orte oder leihen Sie sich ein Fahrrad und erkunden Sie die einladene Strandpromenade. Unsere kleinen Stadtflitzer haben 50ccm und k\u00f6nnen mit dem ganz normalen Auto F\u00fchrerschein (Klasse B \/ alt Klasse 3) gefahren werden.\u00a0 Wer vorher noch nie Roller<\/p>\n","protected":false},"author":1,"featured_media":0,"parent":0,"menu_order":0,"comment_status":"closed","ping_status":"closed","template":"fullwidth.php","meta":[],"_links":{"self":[{"href":"http:\/\/blekitnalaguna.de\/index.php?rest_route=\/wp\/v2\/pages\/21"}],"collection":[{"href":"http:\/\/blekitnalaguna.de\/index.php?rest_route=\/wp\/v2\/pages"}],"about":[{"href":"http:\/\/blekitnalaguna.de\/index.php?rest_route=\/wp\/v2\/types\/page"}],"author":[{"embeddable":true,"href":"http:\/\/blekitnalaguna.de\/index.php?rest_route=\/wp\/v2\/users\/1"}],"replies":[{"embeddable":true,"href":"http:\/\/blekitnalaguna.de\/index.php?rest_route=%2Fwp%2Fv2%2Fcomments&post=21"}],"version-history":[{"count":7,"href":"http:\/\/blekitnalaguna.de\/index.php?rest_route=\/wp\/v2\/pages\/21\/revisions"}],"predecessor-version":[{"id":95,"href":"http:\/\/blekitnalaguna.de\/index.php?rest_route=\/wp\/v2\/pages\/21\/revisions\/95"}],"wp:attachment":[{"href":"http:\/\/blekitnalaguna.de\/index.php?rest_route=%2Fwp%2Fv2%2Fmedia&parent=21"}],"curies":[{"name":"wp","href":"https:\/\/api.w.org\/{rel}","templated":true}]}}