{"id":13,"date":"2016-03-27T20:49:38","date_gmt":"2016-03-27T20:49:38","guid":{"rendered":"http:\/\/blekitnalaguna.de\/?page_id=13"},"modified":"2022-11-09T19:18:31","modified_gmt":"2022-11-09T19:18:31","slug":"unsere-zimmer","status":"publish","type":"page","link":"http:\/\/blekitnalaguna.de\/?page_id=13","title":{"rendered":"Unsere Zimmer"},"content":{"rendered":"<p><strong>Lerchen und Eulen<\/strong><\/p>\n<hr \/>\n<p>&nbsp;<\/p>\n<p>Unsere Pension liegt in einer ruhigen Nebenstra\u00dfe umgeben von herrlichen Kiefernw\u00e4ldern, hier k\u00f6nnen Sie noch v\u00f6llig ungest\u00f6rt den Anfang des Tages genie\u00dfen. Die frische Luft und die angrenzende Ostsee sorgen f\u00fcr ein ganz besonderes Schlafklima. Wir versprechen Ihnen, dass die N\u00e4chte f\u00fcr Sie sehr erholsam werden.<\/p>\n<p>Ingesamt verf\u00fcgen wir \u00fcber 9 Zimmer vom Einzelzimmer bis zum 4-Bett Zimmer, sowie ein Apartment und eine Suite, alles bieten wir Ihnen zu guten Konditionen an. Bitte beachten Sie, dass das Rauchen in der gesamten Pension nicht erw\u00fcnscht ist, gern k\u00f6nnen Sie jedoch im Au\u00dfenbereich rauchen.<\/p>\n<p>Unsere Zimmer sind modern und funktional ausgestattet, daher verf\u00fcgt jedes Zimmer \u00fcber ein eigenes Badezimmer inklusive Dusche sowie LCD-TV, kostenfreies WLAN, eigenen Kleiderschrank sowie teilweise Schreibtisch\/Arbeitsfl\u00e4che.<\/p>\n<p>Sollten Sie spezielle W\u00fcnsche haben, teilen Sie uns das bitte vor der Buchung mit. Gern werden wir dann eine gemeinsame L\u00f6sung mit Ihnen finden.<\/p>\n<p>Wir freuen uns auf Ihren Besuch!<\/p>\n<p><strong>\t<!-- Switch for global css  -->\r\n<style type=\"text\/css\">\r\n\r\n\t\r\n\t\t\t\t\/*noinspection ALL*\/\r\n\t\t\t\t.dynamic_css\r\n\t\t\t\t{\r\n\t\t\t\t\tborder: 2px solid #000000 !important;\r\n\t\t\t\t\tborder-radius: 2px !important;\r\n\t\t\t\t\t-moz-border-radius: 2px !important;\r\n\t\t\t\t\t-webkit-border-radius: 2px !important;\r\n\t\t\t\t\t-khtml-border-radius: 2px !important;\r\n\t\t\t\t\t-o-border-radius: 2px !important;\r\n\t\t\t\t}\r\n\t\t\t\t.dynamic_css img\r\n\t\t\t\t{\r\n\t\t\t\t\tmargin: 0 !important;\r\n\t\t\t\t\tpadding: 0 !important;\r\n\t\t\t\t\tborder: 0 !important;\r\n\t\t\t\t}\r\n\t\t\t\t.dynamic_css p\r\n\t\t\t\t{\r\n\t\t\t\t\tmargin :0px !important;\r\n\t\t\t\t}\r\n\t\t\t\t@media screen  and (min-width : 319px) {\r\n\t\t\t\t\t.thumbnail_width2589\t\t\t\t\t{\r\n\t\t\t\t\t\twidth: 80px !important;\r\n\t\t\t\t\t\theight: 60px !important;\r\n\t\t\t\t\t\tbox-sizing: border-box !important;\r\n\t\t\t\t\t}\r\n\t\t\t\t}\r\n\t\t\t\t@media screen and (min-width : 320px) and (max-width : 380px) {\r\n\t\t\t\t\t.thumbnail_width2589\t\t\t\t\t{\r\n\t\t\t\t\t\twidth: 80px !important;\r\n\t\t\t\t\t\theight: 60px !important;\r\n\t\t\t\t\t\tbox-sizing: border-box !important;\r\n\t\t\t\t\t}\r\n\t\t\t\t}\r\n\t\t\t\t@media screen and (min-width : 320px) and (max-width : 568px)  and (orientation : portrait) {\r\n\t\t\t\t\t\t.thumbnail_width2589\t\t\t\t\t\t{\r\n\t\t\t\t\t\t\twidth: 80px !important;\r\n\t\t\t\t\t\t\theight: 60px !important;\r\n\t\t\t\t\t\t\tbox-sizing: border-box !important;\r\n\t\t\t\t\t\t}\r\n\t\t\t\t}\r\n\t\t\t\t@media screen and (min-width : 320px) and (max-width : 568px) and (orientation : landscape) {\r\n\t\t\t\t\t\t.thumbnail_width2589\t\t\t\t\t\t{\r\n\t\t\t\t\t\t\twidth: 80px !important;\r\n\t\t\t\t\t\t\theight: 60px !important;\r\n\t\t\t\t\t\t\tbox-sizing: border-box !important;\r\n\t\t\t\t\t\t}\r\n\t\t\t\t}\r\n\t\t\t\t@media screen and (min-width : 320px) and (max-width : 568px) {\r\n\t\t\t\t\t.thumbnail_width2589\t\t\t\t\t{\r\n\t\t\t\t\t\twidth: 80px !important;\r\n\t\t\t\t\t\theight: 60px !important;\r\n\t\t\t\t\t\tbox-sizing: border-box !important;\r\n\t\t\t\t\t}\r\n\t\t\t\t}\r\n\t\t\t\t@media screen and (min-width : 569px) and (max-width : 767px)  and (orientation : portrait) {\r\n\t\t\t\t\t\t.thumbnail_width2589\t\t\t\t\t\t{\r\n\t\t\t\t\t\t\twidth: 80px !important;\r\n\t\t\t\t\t\t\theight: 60px !important;\r\n\t\t\t\t\t\t\tbox-sizing: border-box !important;\r\n\t\t\t\t\t\t}\r\n\t\t\t\t}\r\n\t\t\t\t@media screen and (min-width : 569px) and (max-width : 767px) and (orientation : landscape) {\r\n\t\t\t\t\t\t.thumbnail_width2589\t\t\t\t\t\t{\r\n\t\t\t\t\t\t\twidth: 80px !important;\r\n\t\t\t\t\t\t\theight: 60px !important;\r\n\t\t\t\t\t\t\tbox-sizing: border-box !important;\r\n\t\t\t\t\t\t}\r\n\t\t\t\t}\r\n\t\t\t\t@media screen and (min-width : 569px) and (max-width : 767px) {\r\n\t\t\t\t\t.thumbnail_width2589\t\t\t\t\t{\r\n\t\t\t\t\t\twidth: 80px !important;\r\n\t\t\t\t\t\theight: 60px !important;\r\n\t\t\t\t\t\tbox-sizing: border-box !important;\r\n\t\t\t\t\t}\r\n\t\t\t\t}\r\n\t\t\t\t@media screen and (min-width : 768px) and (max-width : 1024px) {\r\n\t\t\t\t\t.thumbnail_width2589\t\t\t\t\t{\r\n\t\t\t\t\t\twidth: 160px !important;\r\n\t\t\t\t\t\theight: 120px !important;\r\n\t\t\t\t\t\tbox-sizing: border-box !important;\r\n\t\t\t\t\t}\r\n\t\t\t\t}\r\n\t\t\t\t.thumbnail_width2589\t\t\t\t{\r\n\t\t\t\t\twidth: 160px !important;\r\n\t\t\t\t\theight: 120px !important;\r\n\t\t\t\t\tbox-sizing: border-box !important;\r\n\t\t\t\t}\r\n\t\t\t\t\/*noinspection ALL*\/\r\n\t\t\t\t.images-in-row_2589 a,\r\n\t\t\t\t.widget-images-in-row_2589 a\r\n\t\t\t\t{\r\n\t\t\t\t\tborder-bottom: none !important;\r\n\t\t\t\t\ttext-decoration: none !important;\r\n\t\t\t\t}\r\n\t\t\t\t.images-in-row_2589 a : hover,\r\n\t\t\t\t.widget-images-in-row_2589 a : hover\r\n\t\t\t\t{\r\n\t\t\t\t\ttext-decoration: none !important;\r\n\t\t\t\t}\r\n\t\t\t\t                                \r\n\t\t\t\t@media screen and (min-width:970px)\r\n\t\t\t\t{\r\n\t\t\t\t\t.imgLiquidFill\r\n\t\t\t\t\t {\r\n\t\t\t\t\t\t width: 160px !important;\r\n\t\t\t\t\t\t\tbox-sizing: border-box !important;\r\n\t\t\t\t\t\theight: 120px !important;\r\n\t\t\t\t\t}\r\n\t\t\t\t}\r\n\t\t\t\t\t.imgLiquidFill\r\n\t\t\t\t\t{\r\n\t\t\t\t\t\t\t\t\t\t\t\t\twidth: 164px !important;\r\n\t\t\t\t\t\t\tbox-sizing: border-box !important;\r\n\t\t\t\t\t\t\t\t\t\t\t\t\theight: 120px !important;\r\n\t\t\t\t\t}\r\n\t\t\t\t\t\t\t\t\t\t.images-in-row_2589 a:hover\r\n\t\t\t\t\t{\r\n\t\t\t\t\t\ttext-decoration:none !important;\r\n\t\t\t\t\t}\r\n\t\t\t\t\t.margin_thumbs {\r\n\t\t\t\t\t\tmargin-right: 5px !important;\r\n\t\t\t\t\t\tmargin-bottom: 5px !important;\r\n\t\t\t\t\t}\r\n\t\t\t\t\t\t\t\t\t\/*noinspection ALL*\/\r\n\t\t\t\t.opactiy_thumbs\r\n\t\t\t\t{\r\n\t\t\t\t\topacity: 1 !important;\r\n\t\t\t\t\t-moz-opacity: 1 !important;\r\n\t\t\t\t\t-khtml-opacity: 1 !important;\r\n\t\t\t\t}\r\n\t\t\t\t\/*noinspection ALL*\/\r\n\t\t\t\t.shutter-gb-img-wrap\r\n\t\t\t\t{\r\n\t\t\t\t\tmargin-right: 5px !important;\r\n\t\t\t\t\tmargin-bottom: 5px !important;\r\n\t\t\t\t}\r\n\t\t\t\t.overlay_text > h5\r\n\t\t\t\t{\r\n\t\t\t\t\tmargin-top:10px !important;\r\n\t\t\t\t\tpadding: 0 10px 0 10px !important;\r\n\t\t\t\t\tline-height: 1.5em !important;\r\n\t\t\t\t\tdirection: inherit !important;\r\n\t\t\t\t\ttext-align: center !important;\r\n\t\t\t\t\tfont-family: Verdana !important;\r\n\t\t\t\t\tcolor: #ffffff !important;\r\n\t\t\t\t\tfont-size: 16px !important;\r\n\t\t\t\t}\r\n\t\t\t\t.overlay_text > p\r\n\t\t\t\t{\r\n\t\t\t\t\tpadding: 10px 10px 0 10px !important;\r\n\t\t\t\t\tline-height: 1.5em !important;\r\n\t\t\t\t\tdirection: inherit !important;\r\n\t\t\t\t\ttext-align: center !important;\r\n\t\t\t\t\tfont-family: Verdana !important;\r\n\t\t\t\t\tcolor: #ffffff !important;\r\n\t\t\t\t\tfont-size: 12px !important;\r\n\t\t\t\t}\r\n\t\t\t\t\t.pp_pic_holder.pp_default {\r\n\t\t\tbackground-color: #ffffff;\r\n\t\t}\r\n\t\tdiv.pp_overlay {\r\n\t\t\tbackground-color: #000000 !important;\r\n\t\t\topacity: 0.6 !important;\r\n\t\t\t-moz-opacity: 0.6 !important;\r\n\t\t\tfilter: alpha(opacity=0.6);\r\n\t\t}\r\n\t\t.pp_description p {\r\n\t\t\tdirection: inherit !important;\r\n\t\t\tcolor: #ffffff !important;\r\n\t\t\ttext-align: left !important;\r\n\t\t\tfont-family: Verdana !important;\r\n\t\t\tfont-size: 12px !important;\r\n\t\t}\r\n\t\t.pp_description h5 {\r\n\t\t\tdirection: inherit !important;\r\n\t\t\tcolor: #ffffff !important;\r\n\t\t\ttext-align: left !important;\r\n\t\t\tfont-family: Verdana !important;\r\n\t\t\tfont-size: 16px !important;\r\n\t\t}\r\n\t\t.ppt {\r\n\t\t\tdisplay: none !important;\r\n\t\t}\r\n\t\tdiv.pp_pic_holder {\r\n\t\t\tborder: 5px solid #ffffff !important;\r\n\t\t\tborder-radius: 5px !important;\r\n\t\t\t-moz-border-radius: 5px !important;\r\n\t\t\t-webkit-border-radius: 5px !important;\r\n\t\t\t-khtml-border-radius: 5px !important;\r\n\t\t\t-o-border-radius: 5px !important;\r\n\t\t}\r\n\t\t<\/style>\r\n<!-- Global Styling  -->\r\n\t\t\t<h3>Zimmer<\/h3>\r\n\t\t\t<h5><\/h5>\r\n\t\t<style>\r\n.images-in-row_2589 > a\r\n{\r\n text-decoration:none !important;\r\n border-bottom-style: none !important;\r\n box-shadow: none !important;\r\n}\r\n<\/style>\r\n<div class=\"images-in-row_2589\" id=\"gallery-bank-thumbnails_2589\">\r\n\t\t\t\t<a rel=\"2589prettyPhoto[gallery]\"  href=\"http:\/\/blekitnalaguna.de\/wp-content\/gallery-bank\/gallery-uploads\/o_1aho6de3o7n3l2c1lmj10fa1ooap.jpg\" data-title=\"\" id=\"ux_img_div_2589\">\r\n\t\t\t\t<div class=\"dynamic_css margin_thumbs thumbnail_width2589 widget_margin_thumbs2589 gb_overlay\">\r\n\t\t\t\t<div class=\"widgetImgLiquidFill2589 imgLiquidFill opactiy_thumbs\">\r\n\t\t\t\t\t<div class=\"overlay_text\">\r\n\t\t\t\t\t\t<h5><\/h5>\r\n\t\t\t\t\t\t\t\t\t\t\t<\/div>\r\n\t\t\t\t\t\t\t\t\t\t\t\t<img imageid=\"17\" id=\"ux_gb_img_2589\" type=\"image\" src=\"http:\/\/blekitnalaguna.de\/wp-content\/gallery-bank\/thumbs\/o_1aho6de3o7n3l2c1lmj10fa1ooap.jpg\"\/>\r\n\t\t\t\t\t\t\t\t\t\t\t<\/div>\r\n\t\t\t<\/div>\r\n\t\t\t<\/a>\r\n\t\t\t\t\t\t<a rel=\"2589prettyPhoto[gallery]\"  href=\"http:\/\/blekitnalaguna.de\/wp-content\/gallery-bank\/gallery-uploads\/o_1aho6de3oso077glhc1p8ttc0m.jpg\" data-title=\"\" id=\"ux_img_div_2589\">\r\n\t\t\t\t<div class=\"dynamic_css margin_thumbs thumbnail_width2589 widget_margin_thumbs2589 gb_overlay\">\r\n\t\t\t\t<div class=\"widgetImgLiquidFill2589 imgLiquidFill opactiy_thumbs\">\r\n\t\t\t\t\t<div class=\"overlay_text\">\r\n\t\t\t\t\t\t<h5><\/h5>\r\n\t\t\t\t\t\t\t\t\t\t\t<\/div>\r\n\t\t\t\t\t\t\t\t\t\t\t\t<img imageid=\"14\" id=\"ux_gb_img_2589\" type=\"image\" src=\"http:\/\/blekitnalaguna.de\/wp-content\/gallery-bank\/thumbs\/o_1aho6de3oso077glhc1p8ttc0m.jpg\"\/>\r\n\t\t\t\t\t\t\t\t\t\t\t<\/div>\r\n\t\t\t<\/div>\r\n\t\t\t<\/a>\r\n\t\t\t\t\t\t<a rel=\"2589prettyPhoto[gallery]\"  href=\"http:\/\/blekitnalaguna.de\/wp-content\/gallery-bank\/gallery-uploads\/o_1aho6de3om3l1vnmc8g6ibmugl.jpg\" data-title=\"\" id=\"ux_img_div_2589\">\r\n\t\t\t\t<div class=\"dynamic_css margin_thumbs thumbnail_width2589 widget_margin_thumbs2589 gb_overlay\">\r\n\t\t\t\t<div class=\"widgetImgLiquidFill2589 imgLiquidFill opactiy_thumbs\">\r\n\t\t\t\t\t<div class=\"overlay_text\">\r\n\t\t\t\t\t\t<h5><\/h5>\r\n\t\t\t\t\t\t\t\t\t\t\t<\/div>\r\n\t\t\t\t\t\t\t\t\t\t\t\t<img imageid=\"13\" id=\"ux_gb_img_2589\" type=\"image\" src=\"http:\/\/blekitnalaguna.de\/wp-content\/gallery-bank\/thumbs\/o_1aho6de3om3l1vnmc8g6ibmugl.jpg\"\/>\r\n\t\t\t\t\t\t\t\t\t\t\t<\/div>\r\n\t\t\t<\/div>\r\n\t\t\t<\/a>\r\n\t\t\t\t\t\t<a rel=\"2589prettyPhoto[gallery]\"  href=\"http:\/\/blekitnalaguna.de\/wp-content\/gallery-bank\/gallery-uploads\/o_1aho6de3p1p1n1r81mlf4ooj95t.jpg\" data-title=\"\" id=\"ux_img_div_2589\">\r\n\t\t\t\t<div class=\"dynamic_css margin_thumbs thumbnail_width2589 widget_margin_thumbs2589 gb_overlay\">\r\n\t\t\t\t<div class=\"widgetImgLiquidFill2589 imgLiquidFill opactiy_thumbs\">\r\n\t\t\t\t\t<div class=\"overlay_text\">\r\n\t\t\t\t\t\t<h5><\/h5>\r\n\t\t\t\t\t\t\t\t\t\t\t<\/div>\r\n\t\t\t\t\t\t\t\t\t\t\t\t<img imageid=\"21\" id=\"ux_gb_img_2589\" type=\"image\" src=\"http:\/\/blekitnalaguna.de\/wp-content\/gallery-bank\/thumbs\/o_1aho6de3p1p1n1r81mlf4ooj95t.jpg\"\/>\r\n\t\t\t\t\t\t\t\t\t\t\t<\/div>\r\n\t\t\t<\/div>\r\n\t\t\t<\/a>\r\n\t\t\t\t\t\t<a rel=\"2589prettyPhoto[gallery]\"  href=\"http:\/\/blekitnalaguna.de\/wp-content\/gallery-bank\/gallery-uploads\/o_1aho6de3ophle50hepsr1fu2k.jpg\" data-title=\"\" id=\"ux_img_div_2589\">\r\n\t\t\t\t<div class=\"dynamic_css margin_thumbs thumbnail_width2589 widget_margin_thumbs2589 gb_overlay\">\r\n\t\t\t\t<div class=\"widgetImgLiquidFill2589 imgLiquidFill opactiy_thumbs\">\r\n\t\t\t\t\t<div class=\"overlay_text\">\r\n\t\t\t\t\t\t<h5><\/h5>\r\n\t\t\t\t\t\t\t\t\t\t\t<\/div>\r\n\t\t\t\t\t\t\t\t\t\t\t\t<img imageid=\"12\" id=\"ux_gb_img_2589\" type=\"image\" src=\"http:\/\/blekitnalaguna.de\/wp-content\/gallery-bank\/thumbs\/o_1aho6de3ophle50hepsr1fu2k.jpg\"\/>\r\n\t\t\t\t\t\t\t\t\t\t\t<\/div>\r\n\t\t\t<\/div>\r\n\t\t\t<\/a>\r\n\t\t\t\t\t\t<a rel=\"2589prettyPhoto[gallery]\"  href=\"http:\/\/blekitnalaguna.de\/wp-content\/gallery-bank\/gallery-uploads\/o_1aho6de3p7pca4k1rpg1ffff3vu.jpg\" data-title=\"\" id=\"ux_img_div_2589\">\r\n\t\t\t\t<div class=\"dynamic_css margin_thumbs thumbnail_width2589 widget_margin_thumbs2589 gb_overlay\">\r\n\t\t\t\t<div class=\"widgetImgLiquidFill2589 imgLiquidFill opactiy_thumbs\">\r\n\t\t\t\t\t<div class=\"overlay_text\">\r\n\t\t\t\t\t\t<h5><\/h5>\r\n\t\t\t\t\t\t\t\t\t\t\t<\/div>\r\n\t\t\t\t\t\t\t\t\t\t\t\t<img imageid=\"22\" id=\"ux_gb_img_2589\" type=\"image\" src=\"http:\/\/blekitnalaguna.de\/wp-content\/gallery-bank\/thumbs\/o_1aho6de3p7pca4k1rpg1ffff3vu.jpg\"\/>\r\n\t\t\t\t\t\t\t\t\t\t\t<\/div>\r\n\t\t\t<\/div>\r\n\t\t\t<\/a>\r\n\t\t\t\t\t\t<a rel=\"2589prettyPhoto[gallery]\"  href=\"http:\/\/blekitnalaguna.de\/wp-content\/gallery-bank\/gallery-uploads\/o_1aho6de3pq6htav1ri86lbl7us.jpg\" data-title=\"\" id=\"ux_img_div_2589\">\r\n\t\t\t\t<div class=\"dynamic_css margin_thumbs thumbnail_width2589 widget_margin_thumbs2589 gb_overlay\">\r\n\t\t\t\t<div class=\"widgetImgLiquidFill2589 imgLiquidFill opactiy_thumbs\">\r\n\t\t\t\t\t<div class=\"overlay_text\">\r\n\t\t\t\t\t\t<h5><\/h5>\r\n\t\t\t\t\t\t\t\t\t\t\t<\/div>\r\n\t\t\t\t\t\t\t\t\t\t\t\t<img imageid=\"20\" id=\"ux_gb_img_2589\" type=\"image\" src=\"http:\/\/blekitnalaguna.de\/wp-content\/gallery-bank\/thumbs\/o_1aho6de3pq6htav1ri86lbl7us.jpg\"\/>\r\n\t\t\t\t\t\t\t\t\t\t\t<\/div>\r\n\t\t\t<\/div>\r\n\t\t\t<\/a>\r\n\t\t\t\t\t\t<a rel=\"2589prettyPhoto[gallery]\"  href=\"http:\/\/blekitnalaguna.de\/wp-content\/gallery-bank\/gallery-uploads\/o_1aho6de3pi9hjd01cs2o7hpdgq.jpg\" data-title=\"\" id=\"ux_img_div_2589\">\r\n\t\t\t\t<div class=\"dynamic_css margin_thumbs thumbnail_width2589 widget_margin_thumbs2589 gb_overlay\">\r\n\t\t\t\t<div class=\"widgetImgLiquidFill2589 imgLiquidFill opactiy_thumbs\">\r\n\t\t\t\t\t<div class=\"overlay_text\">\r\n\t\t\t\t\t\t<h5><\/h5>\r\n\t\t\t\t\t\t\t\t\t\t\t<\/div>\r\n\t\t\t\t\t\t\t\t\t\t\t\t<img imageid=\"18\" id=\"ux_gb_img_2589\" type=\"image\" src=\"http:\/\/blekitnalaguna.de\/wp-content\/gallery-bank\/thumbs\/o_1aho6de3pi9hjd01cs2o7hpdgq.jpg\"\/>\r\n\t\t\t\t\t\t\t\t\t\t\t<\/div>\r\n\t\t\t<\/div>\r\n\t\t\t<\/a>\r\n\t\t\t\t\t\t<a rel=\"2589prettyPhoto[gallery]\"  href=\"http:\/\/blekitnalaguna.de\/wp-content\/gallery-bank\/gallery-uploads\/o_1aho6de3o14dmv781cvc1rd1taqo.jpg\" data-title=\"\" id=\"ux_img_div_2589\">\r\n\t\t\t\t<div class=\"dynamic_css margin_thumbs thumbnail_width2589 widget_margin_thumbs2589 gb_overlay\">\r\n\t\t\t\t<div class=\"widgetImgLiquidFill2589 imgLiquidFill opactiy_thumbs\">\r\n\t\t\t\t\t<div class=\"overlay_text\">\r\n\t\t\t\t\t\t<h5><\/h5>\r\n\t\t\t\t\t\t\t\t\t\t\t<\/div>\r\n\t\t\t\t\t\t\t\t\t\t\t\t<img imageid=\"16\" id=\"ux_gb_img_2589\" type=\"image\" src=\"http:\/\/blekitnalaguna.de\/wp-content\/gallery-bank\/thumbs\/o_1aho6de3o14dmv781cvc1rd1taqo.jpg\"\/>\r\n\t\t\t\t\t\t\t\t\t\t\t<\/div>\r\n\t\t\t<\/div>\r\n\t\t\t<\/a>\r\n\t\t\t\t\t\t<a rel=\"2589prettyPhoto[gallery]\"  href=\"http:\/\/blekitnalaguna.de\/wp-content\/gallery-bank\/gallery-uploads\/o_1aho6de3p1rl319821kh1nmv1gqor.jpg\" data-title=\"\" id=\"ux_img_div_2589\">\r\n\t\t\t\t<div class=\"dynamic_css margin_thumbs thumbnail_width2589 widget_margin_thumbs2589 gb_overlay\">\r\n\t\t\t\t<div class=\"widgetImgLiquidFill2589 imgLiquidFill opactiy_thumbs\">\r\n\t\t\t\t\t<div class=\"overlay_text\">\r\n\t\t\t\t\t\t<h5><\/h5>\r\n\t\t\t\t\t\t\t\t\t\t\t<\/div>\r\n\t\t\t\t\t\t\t\t\t\t\t\t<img imageid=\"19\" id=\"ux_gb_img_2589\" type=\"image\" src=\"http:\/\/blekitnalaguna.de\/wp-content\/gallery-bank\/thumbs\/o_1aho6de3p1rl319821kh1nmv1gqor.jpg\"\/>\r\n\t\t\t\t\t\t\t\t\t\t\t<\/div>\r\n\t\t\t<\/div>\r\n\t\t\t<\/a>\r\n\t\t\t\t\t\t<a rel=\"2589prettyPhoto[gallery]\"  href=\"http:\/\/blekitnalaguna.de\/wp-content\/gallery-bank\/gallery-uploads\/o_1aho6de3oghi11abirkn0jk7cn.jpg\" data-title=\"\" id=\"ux_img_div_2589\">\r\n\t\t\t\t<div class=\"dynamic_css margin_thumbs thumbnail_width2589 widget_margin_thumbs2589 gb_overlay\">\r\n\t\t\t\t<div class=\"widgetImgLiquidFill2589 imgLiquidFill opactiy_thumbs\">\r\n\t\t\t\t\t<div class=\"overlay_text\">\r\n\t\t\t\t\t\t<h5><\/h5>\r\n\t\t\t\t\t\t\t\t\t\t\t<\/div>\r\n\t\t\t\t\t\t\t\t\t\t\t\t<img imageid=\"15\" id=\"ux_gb_img_2589\" type=\"image\" src=\"http:\/\/blekitnalaguna.de\/wp-content\/gallery-bank\/thumbs\/o_1aho6de3oghi11abirkn0jk7cn.jpg\"\/>\r\n\t\t\t\t\t\t\t\t\t\t\t<\/div>\r\n\t\t\t<\/div>\r\n\t\t\t<\/a>\r\n\t\t<\/div>\r\n\t\t\t<div class=\"separator-doubled\"><\/div>\r\n\t\t\t\t<script type=\"text\/javascript\">\r\n\t\t\t\t\t\tjQuery(function () {\r\n\t\t\t\t\tjQuery(\".imgLiquidFill\").imgLiquid({fill: true});\r\n\t\t\t\t});\r\n\t\t\t\t\t\t<\/script>\r\n\t\t<script type=\"text\/javascript\">\r\n\t\tjQuery(document).ready(function () {\r\n\t\t\tjQuery(\"a[rel^=\\\"2589prettyPhoto\\\"]\").prettyPhoto\r\n\t\t\t({\r\n\t\t\t\thook: \"rel\",\r\n\t\t\t\tanimation_speed: 500,\r\n\t\t\t\tslideshow: 5000,\r\n\t\t\t\tautoplay_slideshow: false,\r\n\t\t\t\topacity: 0.80,\r\n\t\t\t\tshow_title: false,\r\n\t\t\t\tallow_resize: true,\r\n\t\t\t\tdeeplinking: false,\r\n\t\t\t\tchangepicturecallback: onPictureChanged\r\n\t\t\t});\r\n\t\t});\r\n\t\tfunction onPictureChanged()\r\n\t\t{\r\n\t\t\tvar google_plus_icon = \"<g:plusone data-action='share' href='\"+ encodeURIComponent(location.href.replace(location.hash,'')) +\"' width='160px' style='margin-left:5px; display:inline-block;'><\/g:plusone>\";\r\n\t\t\tjQuery(\".pp_social\").append(google_plus_icon);\r\n\t\t\tjQuery(\".pp_social\").append(\"<script type='text\/javascript'>\\\r\n\t\t\t(function() { \\\r\n\t\t\tvar po = document.createElement('script');\\\r\n\t\t\tpo.type = 'text\/javascript';\\\r\n\t\t\tpo.async = true;\\\r\n\t\t\tpo.src = 'https:\/\/apis.google.com\/js\/plusone.js';\\\r\n\t\t\tvar s = document.getElementsByTagName('script')[0];\\\r\n\t\t\ts.parentNode.insertBefore(po, s);\\\r\n\t\t\t})(); <\" + \"\/\" +  \"script>\");\r\n\t\t}\r\n\t<\/script>\r\n\t<\/strong><\/p>\n<p>&nbsp;<\/p>\n<p>&nbsp;<\/p>\n<p>&nbsp;<\/p>\n","protected":false},"excerpt":{"rendered":"<p>Lerchen und Eulen &nbsp; Unsere Pension liegt in einer ruhigen Nebenstra\u00dfe umgeben von herrlichen Kiefernw\u00e4ldern, hier k\u00f6nnen Sie noch v\u00f6llig ungest\u00f6rt den Anfang des Tages genie\u00dfen. Die frische Luft und die angrenzende Ostsee sorgen f\u00fcr ein ganz besonderes Schlafklima. Wir versprechen Ihnen, dass die N\u00e4chte f\u00fcr Sie sehr erholsam werden. Ingesamt verf\u00fcgen wir \u00fcber 9<\/p>\n","protected":false},"author":1,"featured_media":0,"parent":0,"menu_order":0,"comment_status":"closed","ping_status":"closed","template":"fullwidth.php","meta":[],"_links":{"self":[{"href":"http:\/\/blekitnalaguna.de\/index.php?rest_route=\/wp\/v2\/pages\/13"}],"collection":[{"href":"http:\/\/blekitnalaguna.de\/index.php?rest_route=\/wp\/v2\/pages"}],"about":[{"href":"http:\/\/blekitnalaguna.de\/index.php?rest_route=\/wp\/v2\/types\/page"}],"author":[{"embeddable":true,"href":"http:\/\/blekitnalaguna.de\/index.php?rest_route=\/wp\/v2\/users\/1"}],"replies":[{"embeddable":true,"href":"http:\/\/blekitnalaguna.de\/index.php?rest_route=%2Fwp%2Fv2%2Fcomments&post=13"}],"version-history":[{"count":8,"href":"http:\/\/blekitnalaguna.de\/index.php?rest_route=\/wp\/v2\/pages\/13\/revisions"}],"predecessor-version":[{"id":119,"href":"http:\/\/blekitnalaguna.de\/index.php?rest_route=\/wp\/v2\/pages\/13\/revisions\/119"}],"wp:attachment":[{"href":"http:\/\/blekitnalaguna.de\/index.php?rest_route=%2Fwp%2Fv2%2Fmedia&parent=13"}],"curies":[{"name":"wp","href":"https:\/\/api.w.org\/{rel}","templated":true}]}}